{"id":745,"date":"2016-03-10T18:51:46","date_gmt":"2016-03-10T18:51:46","guid":{"rendered":"https:\/\/default.houzez.co\/?page_id=745"},"modified":"2023-03-12T21:21:23","modified_gmt":"2023-03-12T21:21:23","slug":"terms-and-conditions","status":"publish","type":"page","link":"https:\/\/inmobiliariaforza.com.co\/propiedades\/index.php\/terms-and-conditions\/","title":{"rendered":"Pol\u00edtica de uso de datos de Inmobiliaria Forza"},"content":{"rendered":"<p>En Inmobiliaria Forza, nos tomamos muy en serio la privacidad de nuestros clientes y usuarios. Por ello, queremos informarte sobre c\u00f3mo utilizamos y protegemos los datos personales que nos proporcionas a trav\u00e9s de nuestra p\u00e1gina web.<\/p>\n<p>Recopilaci\u00f3n de datos<br \/>\nRecopilamos los datos personales que nos proporcionas a trav\u00e9s de formularios de contacto, suscripciones a nuestro bolet\u00edn, creaci\u00f3n de cuentas de usuario, entre otros. Estos datos pueden incluir tu nombre, direcci\u00f3n de correo electr\u00f3nico, n\u00famero de tel\u00e9fono, direcci\u00f3n postal, informaci\u00f3n de pago y cualquier otro dato que nos proporciones voluntariamente.<\/p>\n<p>Uso de datos<br \/>\nUtilizamos tus datos personales para brindarte informaci\u00f3n sobre nuestros servicios, procesar tus pagos, responder a tus consultas, enviarte nuestro bolet\u00edn informativo y mantener una comunicaci\u00f3n efectiva contigo.<\/p>\n<p>Protecci\u00f3n de datos<br \/>\nTomamos medidas de seguridad para proteger tus datos personales y evitar cualquier tipo de acceso no autorizado, modificaci\u00f3n, divulgaci\u00f3n o destrucci\u00f3n de los mismos.<\/p>\n<p>Divulgaci\u00f3n de datos a terceros<br \/>\nNo compartimos tus datos personales con terceros, salvo que sea necesario para cumplir con las leyes aplicables o para brindarte nuestros servicios.<\/p>\n<p>Derechos de acceso y eliminaci\u00f3n<br \/>\nTienes derecho a acceder a tus datos personales, rectificarlos, eliminarlos o limitar su procesamiento en cualquier momento. Si deseas hacer uso de estos derechos, por favor cont\u00e1ctanos a trav\u00e9s de los medios de contacto disponibles en nuestra p\u00e1gina web.<\/p>\n<p>Cambios en la pol\u00edtica de uso de datos<br \/>\nNos reservamos el derecho de modificar esta pol\u00edtica de uso de datos en cualquier momento. Cualquier cambio se publicar\u00e1 en nuestra p\u00e1gina web y entrar\u00e1 en vigencia inmediatamente.<\/p>\n<p>Si tienes alguna pregunta o inquietud sobre nuestra pol\u00edtica de uso de datos, no dudes en ponerte en contacto con nosotros a trav\u00e9s de los medios de contacto disponibles en nuestra p\u00e1gina web.<\/p>\n","protected":false},"excerpt":{"rendered":"<p>En Inmobiliaria Forza, nos tomamos muy en serio la privacidad de nuestros clientes y usuarios. Por ello, queremos informarte sobre c\u00f3mo utilizamos y protegemos los datos personales que nos proporcionas a trav\u00e9s de nuestra p\u00e1gina web. Recopilaci\u00f3n de datos Recopilamos los datos personales que nos proporcionas a trav\u00e9s de formularios de contacto, suscripciones a nuestro [&hellip;]<\/p>\n","protected":false},"author":1,"featured_media":0,"parent":0,"menu_order":0,"comment_status":"closed","ping_status":"closed","template":"","meta":{"footnotes":""},"class_list":["post-745","page","type-page","status-publish","hentry"],"_links":{"self":[{"href":"https:\/\/inmobiliariaforza.com.co\/propiedades\/index.php\/wp-json\/wp\/v2\/pages\/745","targetHints":{"allow":["GET"]}}],"collection":[{"href":"https:\/\/inmobiliariaforza.com.co\/propiedades\/index.php\/wp-json\/wp\/v2\/pages"}],"about":[{"href":"https:\/\/inmobiliariaforza.com.co\/propiedades\/index.php\/wp-json\/wp\/v2\/types\/page"}],"author":[{"embeddable":true,"href":"https:\/\/inmobiliariaforza.com.co\/propiedades\/index.php\/wp-json\/wp\/v2\/users\/1"}],"replies":[{"embeddable":true,"href":"https:\/\/inmobiliariaforza.com.co\/propiedades\/index.php\/wp-json\/wp\/v2\/comments?post=745"}],"version-history":[{"count":1,"href":"https:\/\/inmobiliariaforza.com.co\/propiedades\/index.php\/wp-json\/wp\/v2\/pages\/745\/revisions"}],"predecessor-version":[{"id":18255,"href":"https:\/\/inmobiliariaforza.com.co\/propiedades\/index.php\/wp-json\/wp\/v2\/pages\/745\/revisions\/18255"}],"wp:attachment":[{"href":"https:\/\/inmobiliariaforza.com.co\/propiedades\/index.php\/wp-json\/wp\/v2\/media?parent=745"}],"curies":[{"name":"wp","href":"https:\/\/api.w.org\/{rel}","templated":true}]}}